{"id":15,"date":"2021-11-21T15:14:41","date_gmt":"2021-11-21T15:14:41","guid":{"rendered":"http:\/\/www.muehlgau.com\/?page_id=15"},"modified":"2023-05-16T18:50:34","modified_gmt":"2023-05-16T16:50:34","slug":"services","status":"publish","type":"page","link":"http:\/\/www.muehlgau.com\/?page_id=15","title":{"rendered":"Vorstand"},"content":{"rendered":"\t\t<div data-elementor-type=\"wp-page\" data-elementor-id=\"15\" class=\"elementor elementor-15\">\n\t\t\t\t\t\t\t\t\t<section class=\"elementor-section elementor-top-section elementor-element elementor-element-83746e8 elementor-section-height-min-height elementor-section-boxed elementor-section-height-default elementor-section-items-middle\" data-id=\"83746e8\" data-element_type=\"section\" data-settings=\"{&quot;background_background&quot;:&quot;classic&quot;}\">\n\t\t\t\t\t\t\t<div class=\"elementor-background-overlay\"><\/div>\n\t\t\t\t\t\t\t<div class=\"elementor-container elementor-column-gap-default\">\n\t\t\t\t\t<div class=\"elementor-column elementor-col-100 elementor-top-column elementor-element elementor-element-09faee3\" data-id=\"09faee3\" data-element_type=\"column\">\n\t\t\t<div class=\"elementor-widget-wrap elementor-element-populated\">\n\t\t\t\t\t\t\t\t<div class=\"elementor-element elementor-element-c7152a9 elementor-invisible elementor-widget elementor-widget-heading\" data-id=\"c7152a9\" data-element_type=\"widget\" data-settings=\"{&quot;_animation&quot;:&quot;fadeInDown&quot;}\" data-widget_type=\"heading.default\">\n\t\t\t\t<div class=\"elementor-widget-container\">\n\t\t\t<style>\/*! elementor - v3.13.2 - 11-05-2023 *\/\n.elementor-heading-title{padding:0;margin:0;line-height:1}.elementor-widget-heading .elementor-heading-title[class*=elementor-size-]>a{color:inherit;font-size:inherit;line-height:inherit}.elementor-widget-heading .elementor-heading-title.elementor-size-small{font-size:15px}.elementor-widget-heading .elementor-heading-title.elementor-size-medium{font-size:19px}.elementor-widget-heading .elementor-heading-title.elementor-size-large{font-size:29px}.elementor-widget-heading .elementor-heading-title.elementor-size-xl{font-size:39px}.elementor-widget-heading .elementor-heading-title.elementor-size-xxl{font-size:59px}<\/style><h1 class=\"elementor-heading-title elementor-size-default\">Chargenkabinett<\/h1>\t\t<\/div>\n\t\t\t\t<\/div>\n\t\t\t\t\t<\/div>\n\t\t<\/div>\n\t\t\t\t\t\t\t<\/div>\n\t\t<\/section>\n\t\t\t\t<section class=\"elementor-section elementor-top-section elementor-element elementor-element-a92bf94 elementor-section-boxed elementor-section-height-default elementor-section-height-default\" data-id=\"a92bf94\" data-element_type=\"section\">\n\t\t\t\t\t\t<div class=\"elementor-container elementor-column-gap-default\">\n\t\t\t\t\t<div class=\"elementor-column elementor-col-50 elementor-top-column elementor-element elementor-element-f485586\" data-id=\"f485586\" data-element_type=\"column\">\n\t\t\t<div class=\"elementor-widget-wrap elementor-element-populated\">\n\t\t\t\t\t\t\t\t<div class=\"elementor-element elementor-element-e8b56d0 elementor-widget elementor-widget-image\" data-id=\"e8b56d0\" data-element_type=\"widget\" data-widget_type=\"image.default\">\n\t\t\t\t<div class=\"elementor-widget-container\">\n\t\t\t<style>\/*! elementor - v3.13.2 - 11-05-2023 *\/\n.elementor-widget-image{text-align:center}.elementor-widget-image a{display:inline-block}.elementor-widget-image a img[src$=\".svg\"]{width:48px}.elementor-widget-image img{vertical-align:middle;display:inline-block}<\/style>\t\t\t\t\t\t\t\t\t\t\t\t<img decoding=\"async\" width=\"1024\" height=\"683\" src=\"http:\/\/www.muehlgau.com\/wp-content\/uploads\/2018\/12\/IMG_2064-1024x683.jpg\" class=\"attachment-large size-large wp-image-203\" alt=\"\" loading=\"lazy\" srcset=\"http:\/\/www.muehlgau.com\/wp-content\/uploads\/2018\/12\/IMG_2064-1024x683.jpg 1024w, http:\/\/www.muehlgau.com\/wp-content\/uploads\/2018\/12\/IMG_2064-300x200.jpg 300w, http:\/\/www.muehlgau.com\/wp-content\/uploads\/2018\/12\/IMG_2064-768x512.jpg 768w\" sizes=\"(max-width: 1024px) 100vw, 1024px\" \/>\t\t\t\t\t\t\t\t\t\t\t\t\t\t\t<\/div>\n\t\t\t\t<\/div>\n\t\t\t\t<div class=\"elementor-element elementor-element-8a4ff51 elementor-widget elementor-widget-spacer\" data-id=\"8a4ff51\" data-element_type=\"widget\" data-widget_type=\"spacer.default\">\n\t\t\t\t<div class=\"elementor-widget-container\">\n\t\t\t<style>\/*! elementor - v3.13.2 - 11-05-2023 *\/\n.elementor-column .elementor-spacer-inner{height:var(--spacer-size)}.e-con{--container-widget-width:100%}.e-con-inner>.elementor-widget-spacer,.e-con>.elementor-widget-spacer{width:var(--container-widget-width,var(--spacer-size));--align-self:var(--container-widget-align-self,initial);--flex-shrink:0}.e-con-inner>.elementor-widget-spacer>.elementor-widget-container,.e-con-inner>.elementor-widget-spacer>.elementor-widget-container>.elementor-spacer,.e-con>.elementor-widget-spacer>.elementor-widget-container,.e-con>.elementor-widget-spacer>.elementor-widget-container>.elementor-spacer{height:100%}.e-con-inner>.elementor-widget-spacer>.elementor-widget-container>.elementor-spacer>.elementor-spacer-inner,.e-con>.elementor-widget-spacer>.elementor-widget-container>.elementor-spacer>.elementor-spacer-inner{height:var(--container-widget-height,var(--spacer-size))}<\/style>\t\t<div class=\"elementor-spacer\">\n\t\t\t<div class=\"elementor-spacer-inner\"><\/div>\n\t\t<\/div>\n\t\t\t\t<\/div>\n\t\t\t\t<\/div>\n\t\t\t\t\t<\/div>\n\t\t<\/div>\n\t\t\t\t<div class=\"elementor-column elementor-col-50 elementor-top-column elementor-element elementor-element-7d00c84\" data-id=\"7d00c84\" data-element_type=\"column\">\n\t\t\t<div class=\"elementor-widget-wrap elementor-element-populated\">\n\t\t\t\t\t\t\t\t<div class=\"elementor-element elementor-element-499160d elementor-widget elementor-widget-heading\" data-id=\"499160d\" data-element_type=\"widget\" data-widget_type=\"heading.default\">\n\t\t\t\t<div class=\"elementor-widget-container\">\n\t\t\t<h2 class=\"elementor-heading-title elementor-size-default\">Aktiven-Chargen<\/h2>\t\t<\/div>\n\t\t\t\t<\/div>\n\t\t\t\t<div class=\"elementor-element elementor-element-801ec9e elementor-widget elementor-widget-text-editor\" data-id=\"801ec9e\" data-element_type=\"widget\" data-widget_type=\"text-editor.default\">\n\t\t\t\t<div class=\"elementor-widget-container\">\n\t\t\t<style>\/*! elementor - v3.13.2 - 11-05-2023 *\/\n.elementor-widget-text-editor.elementor-drop-cap-view-stacked .elementor-drop-cap{background-color:#69727d;color:#fff}.elementor-widget-text-editor.elementor-drop-cap-view-framed .elementor-drop-cap{color:#69727d;border:3px solid;background-color:transparent}.elementor-widget-text-editor:not(.elementor-drop-cap-view-default) .elementor-drop-cap{margin-top:8px}.elementor-widget-text-editor:not(.elementor-drop-cap-view-default) .elementor-drop-cap-letter{width:1em;height:1em}.elementor-widget-text-editor .elementor-drop-cap{float:left;text-align:center;line-height:1;font-size:50px}.elementor-widget-text-editor .elementor-drop-cap-letter{display:inline-block}<\/style>\t\t\t\t<div style=\"font-size: 15px;\"><span style=\"font-size: 16px; font-style: inherit; font-weight: inherit; background-color: var(--ast-global-color-5); color: var(--ast-global-color-3);\">Die Studentenverbindung wird vom Senior und seinem Chargenkabinett gef\u00fchrt. Dieses wird von aktiven Mitgliedern gebildet, die so schon in jungen Jahren Verantwortung \u00fcbernehmen d\u00fcrfen. Weiters gibt es ein so genanntes Philister-Chargenkabinett. Die \u201eAlten Herren\u201c oder \u201ePhilister\u201c sind quasi der Absolventenverband der Verbindung und stehen den jungen Aktiven mit Rat und Tat zur Seite. Gemeinsam bilden diese regelm\u00e4\u00dfig neu gew\u00e4hlten Mitglieder den offiziellen Vereinsvorstand der K.\u00f6.St.V. M\u00fchlgau, wobei der Senior als offizieller Vereinsobmann fungiert.<\/span><\/div>\t\t\t\t\t\t<\/div>\n\t\t\t\t<\/div>\n\t\t\t\t\t<\/div>\n\t\t<\/div>\n\t\t\t\t\t\t\t<\/div>\n\t\t<\/section>\n\t\t\t\t<section class=\"elementor-section elementor-top-section elementor-element elementor-element-81b0575 elementor-section-boxed elementor-section-height-default elementor-section-height-default\" data-id=\"81b0575\" data-element_type=\"section\" data-settings=\"{&quot;background_background&quot;:&quot;classic&quot;}\">\n\t\t\t\t\t\t<div class=\"elementor-container elementor-column-gap-default\">\n\t\t\t\t\t<div class=\"elementor-column elementor-col-100 elementor-top-column elementor-element elementor-element-15cfb90\" data-id=\"15cfb90\" data-element_type=\"column\">\n\t\t\t<div class=\"elementor-widget-wrap elementor-element-populated\">\n\t\t\t\t\t\t\t\t<div class=\"elementor-element elementor-element-6c72a99 elementor-widget elementor-widget-shortcode\" data-id=\"6c72a99\" data-element_type=\"widget\" data-widget_type=\"shortcode.default\">\n\t\t\t\t<div class=\"elementor-widget-container\">\n\t\t\t\t\t<div class=\"elementor-shortcode\"><div class=\"tmm tmm_chc\"><div class=\"tmm_4_columns tmm_wrap tmm_theme_f\"><span class=\"tmm_two_containers_tablet\"><\/span><div class=\"tmm_container\"><div class=\"tmm_member\" style=\"border-top:#333333 solid 5px;\"><div class=\"tmm_textblock\"><div class=\"tmm_names\"><span class=\"tmm_fname\">Sebastian Z\u00f6chbauer<\/span> <span class=\"tmm_lname\">v\/o Excalibur \"Karli\"<\/span><\/div><div class=\"tmm_job\">Senior<\/div><div class=\"tmm_desc\" style=\"text-align:center\"><p>Obmann der Verbindung und oberster Repr\u00e4sentant nach au\u00dfen.<\/p><\/div><div class=\"tmm_scblock\"><a class=\"tmm_sociallink\" href=\"mailto:bude@muehlgau.com\" title=\"\"><img decoding=\"async\" alt=\"\" src=\"http:\/\/www.muehlgau.com\/wp-content\/plugins\/team-members\/inc\/img\/links\/email.png\"\/><\/a><\/div><\/div><\/div><div class=\"tmm_member\" style=\"border-top:#333333 solid 5px;\"><div class=\"tmm_textblock\"><div class=\"tmm_names\"><span class=\"tmm_fname\">Tobias H\u00f6glinger<\/span> <span class=\"tmm_lname\">v\/o Peso<\/span><\/div><div class=\"tmm_job\">Fuxmajor<\/div><div class=\"tmm_desc\" style=\"text-align:center\"><p>Bringt neuen Mitgliedern das Verbindungsleben und ihre Grundlagen bei.<\/p><\/div><div class=\"tmm_scblock\"><\/div><\/div><\/div><span class=\"tmm_two_containers_tablet\"><\/span><div class=\"tmm_member\" style=\"border-top:#333333 solid 5px;\"><div class=\"tmm_textblock\"><div class=\"tmm_names\"><span class=\"tmm_fname\">Alexander Thorwartl<\/span> <span class=\"tmm_lname\">v\/o Eagle<\/span><\/div><div class=\"tmm_job\">Consenior<\/div><div class=\"tmm_desc\" style=\"text-align:center\"><p>Obmann Stellvertreter und zust\u00e4ndig f\u00fcr die Organisation von Veranstaltungen<\/p><\/div><div class=\"tmm_scblock\"><\/div><\/div><\/div><div class=\"tmm_member\" style=\"border-top:#333333 solid 5px;\"><div class=\"tmm_textblock\"><div class=\"tmm_names\"><span class=\"tmm_fname\">Marvin Hofer<\/span> <span class=\"tmm_lname\">v\/o Parzival<\/span><\/div><div class=\"tmm_job\">Schriftf\u00fchrer<\/div><div class=\"tmm_desc\" style=\"text-align:center\"><p>Regelt den Schriftverkehr und ist Protokollf\u00fchrer bei Sitzungen.<\/p><\/div><div class=\"tmm_scblock\"><\/div><\/div><\/div><span class=\"tmm_two_containers_tablet\"><\/span><\/div><span class=\"tmm_columns_containers_desktop\"><\/span><div class=\"tmm_container\"><div class=\"tmm_member\" style=\"border-top:#333333 solid 5px;\"><div class=\"tmm_textblock\"><div class=\"tmm_names\"><span class=\"tmm_fname\">Leonhard Pr\u00f6ll<\/span> <span class=\"tmm_lname\">v\/o Carpo<\/span><\/div><div class=\"tmm_job\">Kassier<\/div><div class=\"tmm_desc\" style=\"text-align:center\"><p>Wacht \u00fcber die finanziellen Angelegenheiten der Verbindung.<\/p><\/div><div class=\"tmm_scblock\"><\/div><\/div><\/div><div style=\"clear:both;\"><\/div><\/div><\/div><\/div>\n<\/div>\n\t\t\t\t<\/div>\n\t\t\t\t<\/div>\n\t\t\t\t<div class=\"elementor-element elementor-element-bd8bed0 elementor-widget elementor-widget-spacer\" data-id=\"bd8bed0\" data-element_type=\"widget\" data-widget_type=\"spacer.default\">\n\t\t\t\t<div class=\"elementor-widget-container\">\n\t\t\t\t\t<div class=\"elementor-spacer\">\n\t\t\t<div class=\"elementor-spacer-inner\"><\/div>\n\t\t<\/div>\n\t\t\t\t<\/div>\n\t\t\t\t<\/div>\n\t\t\t\t\t<\/div>\n\t\t<\/div>\n\t\t\t\t\t\t\t<\/div>\n\t\t<\/section>\n\t\t\t\t<section class=\"elementor-section elementor-top-section elementor-element elementor-element-f2400c1 elementor-section-boxed elementor-section-height-default elementor-section-height-default\" data-id=\"f2400c1\" data-element_type=\"section\">\n\t\t\t\t\t\t<div class=\"elementor-container elementor-column-gap-default\">\n\t\t\t\t\t<div class=\"elementor-column elementor-col-50 elementor-top-column elementor-element elementor-element-7609ad3\" data-id=\"7609ad3\" data-element_type=\"column\">\n\t\t\t<div class=\"elementor-widget-wrap elementor-element-populated\">\n\t\t\t\t\t\t\t\t<div class=\"elementor-element elementor-element-3dd6d97 elementor-widget elementor-widget-image\" data-id=\"3dd6d97\" data-element_type=\"widget\" data-widget_type=\"image.default\">\n\t\t\t\t<div class=\"elementor-widget-container\">\n\t\t\t\t\t\t\t\t\t\t\t\t\t\t\t<img decoding=\"async\" width=\"2976\" height=\"1984\" src=\"http:\/\/www.muehlgau.com\/wp-content\/uploads\/2018\/12\/IMG_2080.jpg\" class=\"attachment-full size-full wp-image-204\" alt=\"\" loading=\"lazy\" srcset=\"http:\/\/www.muehlgau.com\/wp-content\/uploads\/2018\/12\/IMG_2080.jpg 2976w, http:\/\/www.muehlgau.com\/wp-content\/uploads\/2018\/12\/IMG_2080-300x200.jpg 300w, http:\/\/www.muehlgau.com\/wp-content\/uploads\/2018\/12\/IMG_2080-768x512.jpg 768w, http:\/\/www.muehlgau.com\/wp-content\/uploads\/2018\/12\/IMG_2080-1024x683.jpg 1024w\" sizes=\"(max-width: 2976px) 100vw, 2976px\" \/>\t\t\t\t\t\t\t\t\t\t\t\t\t\t\t<\/div>\n\t\t\t\t<\/div>\n\t\t\t\t\t<\/div>\n\t\t<\/div>\n\t\t\t\t<div class=\"elementor-column elementor-col-50 elementor-top-column elementor-element elementor-element-40bfc21\" data-id=\"40bfc21\" data-element_type=\"column\">\n\t\t\t<div class=\"elementor-widget-wrap elementor-element-populated\">\n\t\t\t\t\t\t\t\t<div class=\"elementor-element elementor-element-7cce840 elementor-widget elementor-widget-heading\" data-id=\"7cce840\" data-element_type=\"widget\" data-widget_type=\"heading.default\">\n\t\t\t\t<div class=\"elementor-widget-container\">\n\t\t\t<h4 class=\"elementor-heading-title elementor-size-default\"><h2 data-elementor-setting-key=\"title\" data-pen-placeholder=\"Eingabe hier...\" style=\"font-size: 1.875rem; font-style: normal; line-height: 1.3; letter-spacing: normal;\">Philister-Chargen<\/h2><\/h4>\t\t<\/div>\n\t\t\t\t<\/div>\n\t\t\t\t<div class=\"elementor-element elementor-element-18dff64 elementor-widget elementor-widget-text-editor\" data-id=\"18dff64\" data-element_type=\"widget\" data-widget_type=\"text-editor.default\">\n\t\t\t\t<div class=\"elementor-widget-container\">\n\t\t\t\t\t\t\t<p>Die Altherrenschaft, also die Absolventen welche bereits arbeiten, stellen ebenso wie die Aktiven einen Vorstand.<\/p>\t\t\t\t\t\t<\/div>\n\t\t\t\t<\/div>\n\t\t\t\t\t<\/div>\n\t\t<\/div>\n\t\t\t\t\t\t\t<\/div>\n\t\t<\/section>\n\t\t\t\t<section class=\"elementor-section elementor-top-section elementor-element elementor-element-b6186b4 elementor-section-boxed elementor-section-height-default elementor-section-height-default\" data-id=\"b6186b4\" data-element_type=\"section\" data-settings=\"{&quot;background_background&quot;:&quot;classic&quot;}\">\n\t\t\t\t\t\t<div class=\"elementor-container elementor-column-gap-default\">\n\t\t\t\t\t<div class=\"elementor-column elementor-col-100 elementor-top-column elementor-element elementor-element-f0d0295\" data-id=\"f0d0295\" data-element_type=\"column\">\n\t\t\t<div class=\"elementor-widget-wrap elementor-element-populated\">\n\t\t\t\t\t\t\t\t<div class=\"elementor-element elementor-element-da6f7b6 elementor-widget elementor-widget-shortcode\" data-id=\"da6f7b6\" data-element_type=\"widget\" data-widget_type=\"shortcode.default\">\n\t\t\t\t<div class=\"elementor-widget-container\">\n\t\t\t\t\t<div class=\"elementor-shortcode\"><div class=\"tmm tmm_philister-chc\"><div class=\"tmm_3_columns tmm_wrap tmm_theme_f\"><span class=\"tmm_two_containers_tablet\"><\/span><div class=\"tmm_container\"><div class=\"tmm_member\" style=\"border-top:#333333 solid 5px;\"><div class=\"tmm_textblock\"><div class=\"tmm_names\"><span class=\"tmm_fname\">Peter Karl Aigner<\/span> <span class=\"tmm_lname\">v\/o Alpha<\/span><\/div><div class=\"tmm_job\">Philistersenior<\/div><div class=\"tmm_scblock\"><a class=\"tmm_sociallink\" href=\"mailto:peterkarl.aigner@gmail.com\" title=\"\"><img decoding=\"async\" alt=\"\" src=\"http:\/\/www.muehlgau.com\/wp-content\/plugins\/team-members\/inc\/img\/links\/email.png\"\/><\/a><a class=\"tmm_sociallink\" href=\"tel:+43 664 1001632\" title=\"\"><img decoding=\"async\" alt=\"\" src=\"http:\/\/www.muehlgau.com\/wp-content\/plugins\/team-members\/inc\/img\/links\/phone.png\"\/><\/a><\/div><\/div><\/div><div class=\"tmm_member\" style=\"border-top:#333333 solid 5px;\"><div class=\"tmm_textblock\"><div class=\"tmm_names\"><span class=\"tmm_fname\">Alfred Wolf<\/span> <span class=\"tmm_lname\">v\/o Lupus<\/span><\/div><div class=\"tmm_job\">Philisterconsenior 1<\/div><div class=\"tmm_scblock\"><a class=\"tmm_sociallink\" href=\"mailto:wolf_alfred@gmx.at\" title=\"\"><img decoding=\"async\" alt=\"\" src=\"http:\/\/www.muehlgau.com\/wp-content\/plugins\/team-members\/inc\/img\/links\/email.png\"\/><\/a><a class=\"tmm_sociallink\" href=\"tel:+43 664 75155681\" title=\"\"><img decoding=\"async\" alt=\"\" src=\"http:\/\/www.muehlgau.com\/wp-content\/plugins\/team-members\/inc\/img\/links\/phone.png\"\/><\/a><\/div><\/div><\/div><span class=\"tmm_two_containers_tablet\"><\/span><div class=\"tmm_member\" style=\"border-top:#333333 solid 5px;\"><div class=\"tmm_textblock\"><div class=\"tmm_names\"><span class=\"tmm_fname\">Rudolf Kehrer<\/span> <span class=\"tmm_lname\">v\/o Sokrates<\/span><\/div><div class=\"tmm_job\">Philisterconsenior 2<\/div><div class=\"tmm_scblock\"><a class=\"tmm_sociallink\" href=\"mailto:rudolf.kehrer@dialog-gruppe.at\" title=\"\"><img decoding=\"async\" alt=\"\" src=\"http:\/\/www.muehlgau.com\/wp-content\/plugins\/team-members\/inc\/img\/links\/email.png\"\/><\/a><a class=\"tmm_sociallink\" href=\"tel:+43 650 6714100\" title=\"\"><img decoding=\"async\" alt=\"\" src=\"http:\/\/www.muehlgau.com\/wp-content\/plugins\/team-members\/inc\/img\/links\/phone.png\"\/><\/a><\/div><\/div><\/div><\/div><span class=\"tmm_columns_containers_desktop\"><\/span><div class=\"tmm_container\"><div class=\"tmm_member\" style=\"border-top:#333333 solid 5px;\"><div class=\"tmm_textblock\"><div class=\"tmm_names\"><span class=\"tmm_fname\">Michael Gierlinger <\/span> <span class=\"tmm_lname\">v\/o Virbius<\/span><\/div><div class=\"tmm_job\">Philisterschriftf\u00fchrer<\/div><div class=\"tmm_scblock\"><a class=\"tmm_sociallink\" href=\"mailto:michael_gierlinger@icloud.com\" title=\"\"><img decoding=\"async\" alt=\"\" src=\"http:\/\/www.muehlgau.com\/wp-content\/plugins\/team-members\/inc\/img\/links\/email.png\"\/><\/a><a class=\"tmm_sociallink\" href=\"tel:+43 664 80762311\" title=\"\"><img decoding=\"async\" alt=\"\" src=\"http:\/\/www.muehlgau.com\/wp-content\/plugins\/team-members\/inc\/img\/links\/phone.png\"\/><\/a><\/div><\/div><\/div><span class=\"tmm_two_containers_tablet\"><\/span><div class=\"tmm_member\" style=\"border-top:#333333 solid 5px;\"><div class=\"tmm_textblock\"><div class=\"tmm_names\"><span class=\"tmm_fname\">Bgm. a.D. Franz Lindinger<\/span> <span class=\"tmm_lname\">v\/o Priamos<\/span><\/div><div class=\"tmm_job\">Philisterkassier<\/div><div class=\"tmm_scblock\"><a class=\"tmm_sociallink\" href=\"mailto:franz.lindinger@a1.net\" title=\"\"><img decoding=\"async\" alt=\"\" src=\"http:\/\/www.muehlgau.com\/wp-content\/plugins\/team-members\/inc\/img\/links\/email.png\"\/><\/a><a class=\"tmm_sociallink\" href=\"tel:+43 676 81499204\" title=\"\"><img decoding=\"async\" alt=\"\" src=\"http:\/\/www.muehlgau.com\/wp-content\/plugins\/team-members\/inc\/img\/links\/phone.png\"\/><\/a><\/div><\/div><\/div><div style=\"clear:both;\"><\/div><\/div><\/div><\/div><\/div>\n\t\t\t\t<\/div>\n\t\t\t\t<\/div>\n\t\t\t\t\t<\/div>\n\t\t<\/div>\n\t\t\t\t\t\t\t<\/div>\n\t\t<\/section>\n\t\t\t\t\t\t\t<\/div>\n\t\t","protected":false},"excerpt":{"rendered":"<p>Chargenkabinett Aktiven-Chargen Die Studentenverbindung wird vom Senior und seinem Chargenkabinett gef\u00fchrt. Dieses wird von aktiven Mitgliedern gebildet, die so schon in jungen Jahren Verantwortung \u00fcbernehmen d\u00fcrfen. Weiters gibt es ein so genanntes Philister-Chargenkabinett. Die \u201eAlten Herren\u201c oder \u201ePhilister\u201c sind quasi der Absolventenverband der Verbindung und stehen den jungen Aktiven mit Rat und Tat zur Seite. &hellip;<\/p>\n<p class=\"read-more\"> <a class=\"\" href=\"http:\/\/www.muehlgau.com\/?tmm=philister-chc\"> <span class=\"screen-reader-text\">Philister CHC<\/span> Weiterlesen &raquo;<\/a><\/p>\n","protected":false},"author":1,"featured_media":0,"parent":0,"menu_order":0,"comment_status":"closed","ping_status":"closed","template":"","meta":{"site-sidebar-layout":"no-sidebar","site-content-layout":"page-builder","ast-global-header-display":"","ast-banner-title-visibility":"","ast-main-header-display":"","ast-hfb-above-header-display":"","ast-hfb-below-header-display":"","ast-hfb-mobile-header-display":"","site-post-title":"disabled","ast-breadcrumbs-content":"","ast-featured-img":"disabled","footer-sml-layout":"","theme-transparent-header-meta":"enabled","adv-header-id-meta":"","stick-header-meta":"","header-above-stick-meta":"","header-main-stick-meta":"","header-below-stick-meta":""},"_links":{"self":[{"href":"http:\/\/www.muehlgau.com\/index.php?rest_route=\/wp\/v2\/pages\/15"}],"collection":[{"href":"http:\/\/www.muehlgau.com\/index.php?rest_route=\/wp\/v2\/pages"}],"about":[{"href":"http:\/\/www.muehlgau.com\/index.php?rest_route=\/wp\/v2\/types\/page"}],"author":[{"embeddable":true,"href":"http:\/\/www.muehlgau.com\/index.php?rest_route=\/wp\/v2\/users\/1"}],"replies":[{"embeddable":true,"href":"http:\/\/www.muehlgau.com\/index.php?rest_route=%2Fwp%2Fv2%2Fcomments&post=15"}],"version-history":[{"count":38,"href":"http:\/\/www.muehlgau.com\/index.php?rest_route=\/wp\/v2\/pages\/15\/revisions"}],"predecessor-version":[{"id":1549,"href":"http:\/\/www.muehlgau.com\/index.php?rest_route=\/wp\/v2\/pages\/15\/revisions\/1549"}],"wp:attachment":[{"href":"http:\/\/www.muehlgau.com\/index.php?rest_route=%2Fwp%2Fv2%2Fmedia&parent=15"}],"curies":[{"name":"wp","href":"https:\/\/api.w.org\/{rel}","templated":true}]}}